{"id":7743,"date":"2023-02-20T13:45:31","date_gmt":"2023-02-20T10:45:31","guid":{"rendered":"https:\/\/pepteam.io\/sartlar-ve-kosullar\/"},"modified":"2023-09-09T17:50:23","modified_gmt":"2023-09-09T14:50:23","slug":"sartlar-ve-kosullar","status":"publish","type":"page","link":"https:\/\/pepteam.net\/tr\/sartlar-ve-kosullar\/","title":{"rendered":"\u015eartlar ve Ko\u015fullar"},"content":{"rendered":"\n<p>Uygulamay\u0131 indirdi\u011finizde veya kulland\u0131\u011f\u0131n\u0131zda, bu ko\u015fullar otomatik olarak sizin i\u00e7in ge\u00e7erli olacakt\u0131r &#8211; bu nedenle uygulamay\u0131 kullanmadan \u00f6nce bunlar\u0131 dikkatlice okudu\u011funuzdan emin olmal\u0131s\u0131n\u0131z. Uygulamay\u0131, uygulaman\u0131n herhangi bir b\u00f6l\u00fcm\u00fcn\u00fc veya ticari markalar\u0131m\u0131z\u0131 herhangi bir \u015fekilde kopyalaman\u0131za veya de\u011fi\u015ftirmenize izin verilmez. Uygulaman\u0131n kaynak kodunu \u00e7\u0131karmaya \u00e7al\u0131\u015fman\u0131za izin verilmez ve ayr\u0131ca uygulamay\u0131 ba\u015fka dillere \u00e7evirmeye veya t\u00fcrev s\u00fcr\u00fcmler olu\u015fturmaya \u00e7al\u0131\u015fmamal\u0131s\u0131n\u0131z. Uygulaman\u0131n kendisi ve onunla ilgili t\u00fcm ticari markalar, telif haklar\u0131, veritaban\u0131 haklar\u0131 ve di\u011fer fikri m\u00fclkiyet haklar\u0131 hala Pepteam Inc. \u015firketine aittir.<\/p>\n\n<p>Pepteam Inc. uygulaman\u0131n m\u00fcmk\u00fcn oldu\u011funca kullan\u0131\u015fl\u0131 ve verimli olmas\u0131n\u0131 sa\u011flamay\u0131 taahh\u00fct eder. Bu nedenle, herhangi bir zamanda ve herhangi bir nedenle uygulamada de\u011fi\u015fiklik yapma veya hizmetleri i\u00e7in \u00fccret alma hakk\u0131m\u0131z\u0131 sakl\u0131 tutar\u0131z. Tam olarak ne i\u00e7in \u00f6deme yapt\u0131\u011f\u0131n\u0131z\u0131 size a\u00e7\u0131k\u00e7a belirtmeden uygulama veya hizmetleri i\u00e7in sizden asla \u00fccret talep etmeyece\u011fiz.<\/p>\n\n<p>Pepteam uygulamas\u0131, Hizmetimizi sunmak i\u00e7in bize sa\u011flad\u0131\u011f\u0131n\u0131z ki\u015fisel verileri depolar ve i\u015fler. Telefonunuzu ve uygulamaya eri\u015fiminizi g\u00fcvende tutmak sizin sorumlulu\u011funuzdad\u0131r. Bu nedenle, cihaz\u0131n\u0131z\u0131n resmi i\u015fletim sistemi taraf\u0131ndan uygulanan yaz\u0131l\u0131m k\u0131s\u0131tlamalar\u0131n\u0131 ve s\u0131n\u0131rlamalar\u0131n\u0131 kald\u0131rma i\u015flemi olan jailbreak yapmaman\u0131z\u0131 veya telefonunuzu rootlamaman\u0131z\u0131 \u00f6neririz. Telefonunuzu k\u00f6t\u00fc ama\u00e7l\u0131 yaz\u0131l\u0131mlara\/vir\u00fcslere\/k\u00f6t\u00fc ama\u00e7l\u0131 programlara kar\u015f\u0131 savunmas\u0131z hale getirebilir, telefonunuzun g\u00fcvenlik \u00f6zelliklerini tehlikeye atabilir ve Pepteam uygulamas\u0131n\u0131n d\u00fczg\u00fcn veya hi\u00e7 \u00e7al\u0131\u015fmayaca\u011f\u0131 anlam\u0131na gelebilir.<\/p>\n\n<p>Pepteam Inc. \u015firketinin sorumluluk almayaca\u011f\u0131 baz\u0131 \u015feyler oldu\u011funu bilmelisiniz. Uygulaman\u0131n belirli i\u015flevleri, uygulaman\u0131n aktif bir internet ba\u011flant\u0131s\u0131na sahip olmas\u0131n\u0131 gerektirecektir. Ba\u011flant\u0131 Wi-Fi olabilir veya mobil a\u011f sa\u011flay\u0131c\u0131n\u0131z taraf\u0131ndan sa\u011flanabilir, ancak Pepteam Inc. Wi-Fi eri\u015fiminiz yoksa ve veri hakk\u0131n\u0131z kalmad\u0131ysa uygulaman\u0131n tam i\u015flevsellikte \u00e7al\u0131\u015fmamas\u0131n\u0131n sorumlulu\u011funu \u00fcstlenemez.<\/p>\n\n<p>Uygulamay\u0131 Wi-Fi bulunan bir alan\u0131n d\u0131\u015f\u0131nda kullan\u0131yorsan\u0131z, mobil a\u011f sa\u011flay\u0131c\u0131n\u0131zla yapt\u0131\u011f\u0131n\u0131z s\u00f6zle\u015fmenin ko\u015fullar\u0131n\u0131n ge\u00e7erli olmaya devam edece\u011fini unutmamal\u0131s\u0131n\u0131z. Sonu\u00e7 olarak, uygulamaya eri\u015firken ba\u011flant\u0131 s\u00fcresi boyunca veri maliyeti veya di\u011fer \u00fc\u00e7\u00fcnc\u00fc taraf \u00fccretleri i\u00e7in mobil sa\u011flay\u0131c\u0131n\u0131z taraf\u0131ndan \u00fccretlendirilebilirsiniz. Uygulamay\u0131 kullan\u0131rken, uygulamay\u0131 veri dola\u015f\u0131m\u0131n\u0131 kapatmadan kendi b\u00f6lgenizin (yani b\u00f6lge veya \u00fclke) d\u0131\u015f\u0131nda kullanman\u0131z durumunda dola\u015f\u0131m veri \u00fccretleri de dahil olmak \u00fczere bu t\u00fcr \u00fccretlerin sorumlulu\u011funu kabul edersiniz. Uygulamay\u0131 kulland\u0131\u011f\u0131n\u0131z cihaz\u0131n fatura m\u00fckellefi siz de\u011filseniz, uygulamay\u0131 kullanmak i\u00e7in fatura m\u00fckellefinden izin ald\u0131\u011f\u0131n\u0131z\u0131 varsayd\u0131\u011f\u0131m\u0131z\u0131 l\u00fctfen unutmay\u0131n.<\/p>\n\n<p>Ayn\u0131 \u015fekilde, Pepteam Inc. uygulamay\u0131 kullanma \u015feklinizle ilgili olarak her zaman sorumluluk alamaz; \u00f6rne\u011fin, cihaz\u0131n\u0131z\u0131n \u015farj\u0131n\u0131n dolu oldu\u011fundan emin olman\u0131z gerekir &#8211; cihaz\u0131n\u0131z\u0131n pili biterse ve Hizmetten yararlanmak i\u00e7in a\u00e7amazsan\u0131z, Pepteam Inc. sorumluluk kabul edemez.<\/p>\n\n<p>Pepteam Inc. \u015firketinin uygulamay\u0131 kullan\u0131m\u0131n\u0131za ili\u015fkin sorumlulu\u011fu ile ilgili olarak, uygulamay\u0131 kullan\u0131rken, her zaman g\u00fcncel ve do\u011fru olmas\u0131n\u0131 sa\u011flamaya \u00e7al\u0131\u015fmam\u0131za ra\u011fmen, size sunabilmemiz i\u00e7in \u00fc\u00e7\u00fcnc\u00fc taraflar\u0131n bize bilgi sa\u011flamas\u0131na g\u00fcvendi\u011fimizi unutmaman\u0131z \u00f6nemlidir. Pepteam Inc., uygulaman\u0131n bu i\u015flevselli\u011fine tamamen g\u00fcvenmenizin bir sonucu olarak ya\u015fad\u0131\u011f\u0131n\u0131z do\u011frudan veya dolayl\u0131 herhangi bir kay\u0131p i\u00e7in sorumluluk kabul etmez.<\/p>\n\n<p>Bir noktada, uygulamay\u0131 g\u00fcncellemek isteyebiliriz. Uygulama \u015fu anda Android ve iOS&#8217;ta mevcuttur &#8211; her iki sistem i\u00e7in (ve uygulaman\u0131n kullan\u0131labilirli\u011fini geni\u015fletmeye karar verdi\u011fimiz herhangi bir ek sistem i\u00e7in) gereksinimler de\u011fi\u015febilir ve uygulamay\u0131 kullanmaya devam etmek istiyorsan\u0131z g\u00fcncellemeleri indirmeniz gerekir. Pepteam Inc. uygulamay\u0131 her zaman sizinle alakal\u0131 olacak ve\/veya cihaz\u0131n\u0131za y\u00fckledi\u011finiz Android ve iOS s\u00fcr\u00fcm\u00fc ile \u00e7al\u0131\u015facak \u015fekilde g\u00fcncelleyece\u011fini taahh\u00fct etmez. Bununla birlikte, size sunuldu\u011funda uygulamadaki g\u00fcncellemeleri her zaman kabul edece\u011finize s\u00f6z verirsiniz, Ayr\u0131ca uygulamay\u0131 sa\u011flamay\u0131 durdurmak isteyebiliriz ve size fesih bildirimi yapmadan herhangi bir zamanda kullan\u0131m\u0131 sonland\u0131rabiliriz. Size aksini s\u00f6ylemedi\u011fimiz s\u00fcrece, herhangi bir fesih durumunda, (a) bu ko\u015fullarda size verilen haklar ve lisanslar sona erecektir; (b) uygulamay\u0131 kullanmay\u0131 b\u0131rakmal\u0131 ve (gerekirse) cihaz\u0131n\u0131zdan silmelisiniz.<\/p>\n\n<p><strong>\u00dccretler ve \u00d6deme<\/strong><\/p>\n\n<p>Bir M\u00fc\u015fteri ad\u0131na Hesap Sahibi olarak premium planlar\u0131m\u0131zdan birine abone olursan\u0131z, se\u00e7ilen plana uygun olarak web sitemizde belirtilen \u00fccretleri M\u00fc\u015fteri ad\u0131na Pepteam Inc. \u015firketine \u00f6demeyi kabul etmi\u015f olursunuz. \u00d6demeler, plana ba\u011fl\u0131 olarak ayl\u0131k veya y\u0131ll\u0131k bazda, ilgili ay veya y\u0131l\u0131n \u00f6ncesinde yap\u0131lacakt\u0131r. Hesap Sahibi olarak, ad\u0131n\u0131z, fatura adresiniz ve kredi kart\u0131 bilgileriniz dahil olmak \u00fczere standart fatura bilgilerini do\u011frudan Pepteam&#8217;e veya \u00fc\u00e7\u00fcnc\u00fc taraf \u00f6deme i\u015flemcilerimiz arac\u0131l\u0131\u011f\u0131yla sa\u011flaman\u0131z gerekecektir.<\/p>\n\n<p>Bu bilgileri sa\u011flayarak, belirtilen tutarlar\u0131n sa\u011flanan kredi kart\u0131ndan tahsil edilmesine izin vermi\u015f olursunuz. Bu, Hizmetlerde belirtildi\u011fi \u015fekilde ve se\u00e7ilen planla ili\u015fkili \u00f6deme plan\u0131na g\u00f6re do\u011frudan Pepteam taraf\u0131ndan veya dolayl\u0131 olarak \u00fc\u00e7\u00fcnc\u00fc taraf bir \u00e7evrimi\u00e7i \u00f6deme i\u015flemcisi arac\u0131l\u0131\u011f\u0131yla yap\u0131labilir. \u00dc\u00e7\u00fcnc\u00fc taraf bir \u00f6deme i\u015flemcisine y\u00f6nlendirilirseniz, l\u00fctfen hizmetlerinin kendi h\u00fck\u00fcm ve ko\u015fullar\u0131n\u0131n yan\u0131 s\u0131ra Ki\u015fisel Veri toplama uygulamalar\u0131na tabi oldu\u011funu unutmay\u0131n. Bu t\u00fcr hizmetleri kullanmadan \u00f6nce, ilgili \u015fartlar\u0131n\u0131, ko\u015fullar\u0131n\u0131 ve gizlilik politikalar\u0131n\u0131 g\u00f6zden ge\u00e7irmenizi \u00f6neririz.<\/p>\n\n<p>Uygulanabilir oldu\u011fu durumlarda, \u00f6demelerinize vergi uygulanabilir. \u0130lgili vergileri belirleme ve kar\u015f\u0131lama sorumlulu\u011fu M\u00fc\u015fteriye aittir. Pepteam, ge\u00e7erli vergilerin hesaplanmas\u0131 veya toplanmas\u0131 i\u00e7in sorumluluk kabul etmeyecektir. Bu Ko\u015fullarda a\u00e7\u0131k\u00e7a belirtilen h\u00fck\u00fcmler haricinde, \u00fccretler iade edilmez.<\/p>\n\n<p>Abonelikler istenildi\u011fi zaman iptal edilebilir. Ancak, ister ayl\u0131k ister y\u0131ll\u0131k abonelik i\u00e7in olsun, \u00f6n \u00f6demeli tutarlar iade edilmez. Y\u0131ll\u0131k aboneli\u011fin aktivasyonun ilk 30 g\u00fcn\u00fc i\u00e7inde iptal edilmesi durumunda, M\u00fc\u015fteri \u00f6n \u00f6demeli tutarlar\u0131n tamam\u0131n\u0131 geri alma hakk\u0131na sahiptir.<\/p>\n\n<p>\u00dccretsiz deneme s\u00fcresinden sonra hizmetimiz \u00fccrete tabi olacakt\u0131r. Faturaland\u0131rma s\u00fcreci, deneme s\u00fcresinin biti\u015f tarihinden itibaren otomatik olarak ba\u015flayacakt\u0131r. Hizmetimizden memnun kald\u0131ysan\u0131z ve faturaland\u0131rma detaylar\u0131 ve plan se\u00e7enekleri hakk\u0131nda daha fazla bilgi edinmek istiyorsan\u0131z, l\u00fctfen web sitemizi ziyaret edin veya m\u00fc\u015fteri deste\u011fimizle ileti\u015fime ge\u00e7in.<\/p>\n\n<p><\/p>\n\n<p><strong>Bu H\u00fck\u00fcm ve Ko\u015fullarda Yap\u0131lan De\u011fi\u015fiklikler<\/strong><\/p>\n\n<p>H\u00fck\u00fcm ve Ko\u015fullar\u0131m\u0131z\u0131 zaman zaman g\u00fcncelleyebiliriz. Bu nedenle, herhangi bir de\u011fi\u015fiklik i\u00e7in bu sayfay\u0131 periyodik olarak g\u00f6zden ge\u00e7irmeniz tavsiye edilir. Yeni H\u00fck\u00fcm ve Ko\u015fullar\u0131 bu sayfada yay\u0131nlayarak de\u011fi\u015fiklikleri size bildirece\u011fiz.<\/p>\n\n<p>Bu h\u00fck\u00fcm ve ko\u015fullar 2023-02-20 tarihinden itibaren ge\u00e7erlidir<\/p>\n\n<p><strong>Bize Ula\u015f\u0131n<\/strong><\/p>\n\n<p>H\u00fck\u00fcm ve Ko\u015fullar\u0131m\u0131z hakk\u0131nda herhangi bir sorunuz veya \u00f6neriniz varsa, info@pepteam.net adresinden bizimle ileti\u015fime ge\u00e7mekten \u00e7ekinmeyin.<\/p>\n","protected":false},"excerpt":{"rendered":"<p>Uygulamay\u0131 indirdi\u011finizde veya kulland\u0131\u011f\u0131n\u0131zda, bu ko\u015fullar otomatik olarak sizin i\u00e7in ge\u00e7erli olacakt\u0131r &#8211; bu nedenle uygulamay\u0131 kullanmadan \u00f6nce bunlar\u0131 dikkatlice okudu\u011funuzdan emin olmal\u0131s\u0131n\u0131z. Uygulamay\u0131, uygulaman\u0131n herhangi bir b\u00f6l\u00fcm\u00fcn\u00fc veya ticari markalar\u0131m\u0131z\u0131 herhangi bir \u015fekilde kopyalaman\u0131za veya de\u011fi\u015ftirmenize izin verilmez. Uygulaman\u0131n kaynak kodunu \u00e7\u0131karmaya \u00e7al\u0131\u015fman\u0131za izin verilmez ve ayr\u0131ca uygulamay\u0131 ba\u015fka dillere \u00e7evirmeye veya t\u00fcrev s\u00fcr\u00fcmler [&hellip;]<\/p>\n","protected":false},"author":1,"featured_media":0,"parent":0,"menu_order":0,"comment_status":"closed","ping_status":"closed","template":"","meta":{"footnotes":""},"class_list":["post-7743","page","type-page","status-publish","hentry"],"_links":{"self":[{"href":"https:\/\/pepteam.net\/tr\/wp-json\/wp\/v2\/pages\/7743","targetHints":{"allow":["GET"]}}],"collection":[{"href":"https:\/\/pepteam.net\/tr\/wp-json\/wp\/v2\/pages"}],"about":[{"href":"https:\/\/pepteam.net\/tr\/wp-json\/wp\/v2\/types\/page"}],"author":[{"embeddable":true,"href":"https:\/\/pepteam.net\/tr\/wp-json\/wp\/v2\/users\/1"}],"replies":[{"embeddable":true,"href":"https:\/\/pepteam.net\/tr\/wp-json\/wp\/v2\/comments?post=7743"}],"version-history":[{"count":1,"href":"https:\/\/pepteam.net\/tr\/wp-json\/wp\/v2\/pages\/7743\/revisions"}],"predecessor-version":[{"id":7744,"href":"https:\/\/pepteam.net\/tr\/wp-json\/wp\/v2\/pages\/7743\/revisions\/7744"}],"wp:attachment":[{"href":"https:\/\/pepteam.net\/tr\/wp-json\/wp\/v2\/media?parent=7743"}],"curies":[{"name":"wp","href":"https:\/\/api.w.org\/{rel}","templated":true}]}}