{"id":7724,"date":"2023-02-20T13:22:50","date_gmt":"2023-02-20T10:22:50","guid":{"rendered":"https:\/\/pepteam.io\/gizlilik-politikasi\/"},"modified":"2023-09-09T17:17:28","modified_gmt":"2023-09-09T14:17:28","slug":"gizlilik-politikasi","status":"publish","type":"page","link":"https:\/\/pepteam.net\/tr\/gizlilik-politikasi\/","title":{"rendered":"Gizlilik Politikas\u0131"},"content":{"rendered":"\n<p>Pepteam (&#8220;Pepteam&#8221;, &#8220;biz&#8221;, &#8220;bize&#8221; veya &#8220;bizim&#8221;) olarak Kullan\u0131c\u0131lar\u0131m\u0131z\u0131n ve verilerinin gizlili\u011fini koruman\u0131n \u00f6nemine de\u011fer veriyoruz. Bu Gizlilik Politikas\u0131, web sitemizi (&#8220;Site&#8221;) ve hizmetlerimizi (&#8220;Hizmetler&#8221;) kulland\u0131\u011f\u0131n\u0131zda toplad\u0131\u011f\u0131m\u0131z Ki\u015fisel Veri t\u00fcrlerini, bu verileri nas\u0131l toplad\u0131\u011f\u0131m\u0131z\u0131, i\u015fledi\u011fimizi, saklad\u0131\u011f\u0131m\u0131z\u0131 ve if\u015fa etti\u011fimizi ve bunlar\u0131n kullan\u0131m\u0131 \u00fczerinde sahip oldu\u011funuz kontrol\u00fc \u00f6zetlemektedir. Burada tan\u0131mlanmayan b\u00fcy\u00fck harfli terimler, <a href=\"https:\/\/pepteam.net\/terms\">https:\/\/pepteam.net\/terms<\/a> adresinde bulunan Hizmet \u015eartlar\u0131m\u0131zda (&#8220;\u015eartlar&#8221;) kendilerine atfedilen anlamlara sahiptir. Sitemizi ve Hizmetlerimizi kullanarak, bu Gizlilik Politikas\u0131nda a\u00e7\u0131klanan uygulamalar\u0131 kabul etmi\u015f olursunuz.<\/p>\n\n<p>Bu sayfa, herhangi birinin Hizmetimizi kullanmaya karar vermesi halinde Ki\u015fisel Bilgilerin toplanmas\u0131, kullan\u0131lmas\u0131 ve if\u015fa edilmesine ili\u015fkin politikalar\u0131m\u0131z hakk\u0131nda ziyaret\u00e7ileri bilgilendirmek i\u00e7in kullan\u0131l\u0131r.<\/p>\n\n<p>Hizmetimizi kullanmay\u0131 tercih ederseniz, bu politikayla ilgili bilgilerin toplanmas\u0131n\u0131 ve kullan\u0131lmas\u0131n\u0131 kabul etmi\u015f olursunuz. Toplad\u0131\u011f\u0131m\u0131z Ki\u015fisel Bilgiler, Hizmeti sa\u011flamak ve geli\u015ftirmek i\u00e7in kullan\u0131l\u0131r. Bilgilerinizi bu Gizlilik Politikas\u0131nda a\u00e7\u0131klananlar d\u0131\u015f\u0131nda kullanmayacak veya kimseyle payla\u015fmayaca\u011f\u0131z.<\/p>\n\n<p>Bu Gizlilik Politikas\u0131nda kullan\u0131lan terimler, bu Gizlilik Politikas\u0131nda aksi belirtilmedik\u00e7e, Pepteam adresinden eri\u015filebilen \u015eartlar ve Ko\u015fullar\u0131m\u0131zdakilerle ayn\u0131 anlamlara sahiptir.<\/p>\n\n<p><strong>Bilgi Toplama ve Kullanma<\/strong><\/p>\n\n<p>Daha iyi bir deneyim i\u00e7in, Hizmetimizi kullan\u0131rken, bize ki\u015fisel olarak tan\u0131mlanabilir baz\u0131 bilgiler vermenizi isteyebiliriz. Talep etti\u011fimiz bilgiler taraf\u0131m\u0131zca saklanacak ve bu gizlilik politikas\u0131nda a\u00e7\u0131kland\u0131\u011f\u0131 \u015fekilde kullan\u0131lacakt\u0131r.<\/p>\n\n<p><strong>G\u00fcnl\u00fck Verileri<\/strong><\/p>\n\n<p>Hizmetimizi her kulland\u0131\u011f\u0131n\u0131zda, uygulamada bir hata olmas\u0131 durumunda, telefonunuzda G\u00fcnl\u00fck Verileri ad\u0131 verilen veri ve bilgileri (\u00fc\u00e7\u00fcnc\u00fc taraf \u00fcr\u00fcnler arac\u0131l\u0131\u011f\u0131yla) toplad\u0131\u011f\u0131m\u0131z\u0131 size bildirmek isteriz. Bu G\u00fcnl\u00fck Verileri, cihaz\u0131n\u0131z\u0131n \u0130nternet Protokol\u00fc (&#8220;IP&#8221;) adresi, cihaz ad\u0131, i\u015fletim sistemi s\u00fcr\u00fcm\u00fc, Hizmetimizi kullan\u0131rken uygulaman\u0131n yap\u0131land\u0131rmas\u0131, Hizmeti kullan\u0131m\u0131n\u0131z\u0131n saati ve tarihi ve di\u011fer istatistikler gibi bilgileri i\u00e7erebilir.<\/p>\n\n<p><strong>\u00c7erezler<\/strong><\/p>\n\n<p>\u00c7erezler, genellikle anonim benzersiz tan\u0131mlay\u0131c\u0131lar olarak kullan\u0131lan az miktarda veri i\u00e7eren dosyalard\u0131r. Bunlar, ziyaret etti\u011finiz web sitelerinden taray\u0131c\u0131n\u0131za g\u00f6nderilir ve cihaz\u0131n\u0131z\u0131n dahili belle\u011finde saklan\u0131r.<\/p>\n\n<p>Bu Hizmet bu &#8220;\u00e7erezleri&#8221; a\u00e7\u0131k\u00e7a kullanmaz. Ancak uygulama, bilgi toplamak ve hizmetlerini geli\u015ftirmek i\u00e7in &#8220;\u00e7erezler&#8221; kullanan \u00fc\u00e7\u00fcnc\u00fc taraf kod ve k\u00fct\u00fcphaneleri kullanabilir. Bu \u00e7erezleri kabul etme veya reddetme se\u00e7ene\u011finiz vard\u0131r ve cihaz\u0131n\u0131za ne zaman bir \u00e7erez g\u00f6nderildi\u011fini bilirsiniz. \u00c7erezlerimizi reddetmeyi tercih ederseniz, bu Hizmetin baz\u0131 b\u00f6l\u00fcmlerini kullanamayabilirsiniz.<\/p>\n\n<p><strong>Hizmet Sa\u011flay\u0131c\u0131lar<\/strong><\/p>\n\n<p>A\u015fa\u011f\u0131daki nedenlerden dolay\u0131 \u00fc\u00e7\u00fcnc\u00fc taraf \u015firketleri ve bireyleri istihdam edebiliriz:<\/p>\n\n<ul class=\"wp-block-list\">\n<li>Hizmetimizi kolayla\u015ft\u0131rmak i\u00e7in;<\/li>\n\n\n\n<li>Hizmeti bizim ad\u0131m\u0131za sa\u011flamak i\u00e7in;<\/li>\n\n\n\n<li>Hizmetle ilgili hizmetleri ger\u00e7ekle\u015ftirmek i\u00e7in; veya<\/li>\n\n\n\n<li>Hizmetimizin nas\u0131l kullan\u0131ld\u0131\u011f\u0131n\u0131 analiz etmemize yard\u0131mc\u0131 olmak i\u00e7in.<\/li>\n<\/ul>\n\n<p>Bu Hizmetin kullan\u0131c\u0131lar\u0131n\u0131, bu \u00fc\u00e7\u00fcnc\u00fc taraflar\u0131n Ki\u015fisel Bilgilerine eri\u015fimi oldu\u011fu konusunda bilgilendirmek istiyoruz. Bunun nedeni, onlara verilen g\u00f6revleri bizim ad\u0131m\u0131za yerine getirmeleridir. Ancak, bilgileri ba\u015fka herhangi bir ama\u00e7la if\u015fa etmemek veya kullanmamakla y\u00fck\u00fcml\u00fcd\u00fcrler.<\/p>\n\n<p><strong>G\u00fcvenlik<\/strong><\/p>\n\n<p>Bize Ki\u015fisel Bilgilerinizi sa\u011flama konusundaki g\u00fcveninize de\u011fer veriyoruz, bu nedenle bunlar\u0131 korumak i\u00e7in ticari olarak kabul edilebilir ara\u00e7lar kullanmaya \u00e7al\u0131\u015f\u0131yoruz. Ancak, internet \u00fczerinden hi\u00e7bir iletim y\u00f6nteminin veya elektronik depolama y\u00f6nteminin %100 g\u00fcvenli ve g\u00fcvenilir olmad\u0131\u011f\u0131n\u0131 ve mutlak g\u00fcvenli\u011fini garanti edemeyece\u011fimizi unutmay\u0131n.<\/p>\n\n<p><strong>Di\u011fer Sitelere Ba\u011flant\u0131lar<\/strong><\/p>\n\n<p>Bu Hizmet di\u011fer sitelere ba\u011flant\u0131lar i\u00e7erebilir. \u00dc\u00e7\u00fcnc\u00fc taraf bir ba\u011flant\u0131ya t\u0131klarsan\u0131z, o siteye y\u00f6nlendirilirsiniz. Bu harici sitelerin bizim taraf\u0131m\u0131zdan i\u015fletilmedi\u011fini unutmay\u0131n. Bu nedenle, bu web sitelerinin Gizlilik Politikas\u0131n\u0131 incelemenizi \u00f6nemle tavsiye ederiz. Herhangi bir \u00fc\u00e7\u00fcnc\u00fc taraf site veya hizmetin i\u00e7eri\u011fi, gizlilik politikalar\u0131 veya uygulamalar\u0131 \u00fczerinde hi\u00e7bir kontrol\u00fcm\u00fcz yoktur ve bunlar i\u00e7in hi\u00e7bir sorumluluk kabul etmiyoruz.<\/p>\n\n<p><strong>\u00c7ocuklar\u0131n Gizlili\u011fi<\/strong><\/p>\n\n<p>\u00c7ocuklardan bilerek ki\u015fisel olarak tan\u0131mlanabilir bilgiler toplam\u0131yoruz. T\u00fcm \u00e7ocuklar\u0131 Uygulama ve\/veya Hizmetler arac\u0131l\u0131\u011f\u0131yla hi\u00e7bir zaman ki\u015fisel olarak tan\u0131mlanabilir bilgiler g\u00f6ndermemeye te\u015fvik ediyoruz. Ebeveynleri ve yasal vasileri, \u00e7ocuklar\u0131n\u0131n \u0130nternet kullan\u0131m\u0131n\u0131 izlemeye ve \u00e7ocuklar\u0131na izinleri olmadan Uygulama ve\/veya Hizmetler arac\u0131l\u0131\u011f\u0131yla asla ki\u015fisel olarak tan\u0131mlanabilir bilgiler vermemelerini s\u00f6yleyerek bu Politikan\u0131n uygulanmas\u0131na yard\u0131mc\u0131 olmaya te\u015fvik ediyoruz. Bir \u00e7ocu\u011fun Uygulama ve\/veya Hizmetler arac\u0131l\u0131\u011f\u0131yla bize ki\u015fisel olarak tan\u0131mlanabilir bilgiler verdi\u011fine inanmak i\u00e7in nedeniniz varsa, l\u00fctfen bizimle ileti\u015fime ge\u00e7in. Ayr\u0131ca, \u00fclkenizde ki\u015fisel olarak tan\u0131mlanabilir bilgilerinizin i\u015flenmesine izin vermek i\u00e7in en az 16 ya\u015f\u0131nda olman\u0131z gerekir (baz\u0131 \u00fclkelerde ebeveyninizin veya vasinizin sizin ad\u0131n\u0131za bunu yapmas\u0131na izin verebiliriz).<\/p>\n\n<p><strong>Bu Gizlilik Politikas\u0131ndaki De\u011fi\u015fiklikler<\/strong><\/p>\n\n<p>Gizlilik Politikam\u0131z\u0131 zaman zaman g\u00fcncelleyebiliriz. Bu nedenle, herhangi bir de\u011fi\u015fiklik i\u00e7in bu sayfay\u0131 periyodik olarak g\u00f6zden ge\u00e7irmeniz tavsiye edilir. Yeni Gizlilik Politikas\u0131n\u0131 bu sayfada yay\u0131nlayarak de\u011fi\u015fiklikleri size bildirece\u011fiz.<\/p>\n\n<p>Bu politika 2023-02-20 tarihinden itibaren ge\u00e7erlidir.<\/p>\n\n<p><strong>Bize Ula\u015f\u0131n<\/strong><\/p>\n\n<p>Gizlilik Politikam\u0131z hakk\u0131nda herhangi bir sorunuz veya \u00f6neriniz varsa, mailto:info@pepteam.net adresinden bizimle ileti\u015fime ge\u00e7mekten \u00e7ekinmeyin. <\/p>\n\n<p><\/p>\n","protected":false},"excerpt":{"rendered":"<p>Pepteam (&#8220;Pepteam&#8221;, &#8220;biz&#8221;, &#8220;bize&#8221; veya &#8220;bizim&#8221;) olarak Kullan\u0131c\u0131lar\u0131m\u0131z\u0131n ve verilerinin gizlili\u011fini koruman\u0131n \u00f6nemine de\u011fer veriyoruz. Bu Gizlilik Politikas\u0131, web sitemizi (&#8220;Site&#8221;) ve hizmetlerimizi (&#8220;Hizmetler&#8221;) kulland\u0131\u011f\u0131n\u0131zda toplad\u0131\u011f\u0131m\u0131z Ki\u015fisel Veri t\u00fcrlerini, bu verileri nas\u0131l toplad\u0131\u011f\u0131m\u0131z\u0131, i\u015fledi\u011fimizi, saklad\u0131\u011f\u0131m\u0131z\u0131 ve if\u015fa etti\u011fimizi ve bunlar\u0131n kullan\u0131m\u0131 \u00fczerinde sahip oldu\u011funuz kontrol\u00fc \u00f6zetlemektedir. Burada tan\u0131mlanmayan b\u00fcy\u00fck harfli terimler, https:\/\/pepteam.net\/terms adresinde bulunan Hizmet [&hellip;]<\/p>\n","protected":false},"author":1,"featured_media":0,"parent":0,"menu_order":0,"comment_status":"closed","ping_status":"closed","template":"","meta":{"footnotes":""},"class_list":["post-7724","page","type-page","status-publish","hentry"],"_links":{"self":[{"href":"https:\/\/pepteam.net\/tr\/wp-json\/wp\/v2\/pages\/7724","targetHints":{"allow":["GET"]}}],"collection":[{"href":"https:\/\/pepteam.net\/tr\/wp-json\/wp\/v2\/pages"}],"about":[{"href":"https:\/\/pepteam.net\/tr\/wp-json\/wp\/v2\/types\/page"}],"author":[{"embeddable":true,"href":"https:\/\/pepteam.net\/tr\/wp-json\/wp\/v2\/users\/1"}],"replies":[{"embeddable":true,"href":"https:\/\/pepteam.net\/tr\/wp-json\/wp\/v2\/comments?post=7724"}],"version-history":[{"count":1,"href":"https:\/\/pepteam.net\/tr\/wp-json\/wp\/v2\/pages\/7724\/revisions"}],"predecessor-version":[{"id":7725,"href":"https:\/\/pepteam.net\/tr\/wp-json\/wp\/v2\/pages\/7724\/revisions\/7725"}],"wp:attachment":[{"href":"https:\/\/pepteam.net\/tr\/wp-json\/wp\/v2\/media?parent=7724"}],"curies":[{"name":"wp","href":"https:\/\/api.w.org\/{rel}","templated":true}]}}