{"id":7684,"date":"2020-12-14T13:03:07","date_gmt":"2020-12-14T10:03:07","guid":{"rendered":"https:\/\/pepteam.io\/iletisim\/"},"modified":"2025-12-04T23:19:16","modified_gmt":"2025-12-04T20:19:16","slug":"iletisim","status":"publish","type":"page","link":"https:\/\/pepteam.net\/tr\/iletisim\/","title":{"rendered":"\u0130leti\u015fim"},"content":{"rendered":"\t\t<div data-elementor-type=\"wp-page\" data-elementor-id=\"7684\" class=\"elementor elementor-7684 elementor-2051\">\n\t\t\t\t\t\t<section class=\"elementor-section elementor-top-section elementor-element elementor-element-f84cc98 elementor-section-boxed elementor-section-height-default elementor-section-height-default\" data-id=\"f84cc98\" data-element_type=\"section\" data-settings=\"{&quot;background_background&quot;:&quot;classic&quot;}\">\n\t\t\t\t\t\t<div class=\"elementor-container elementor-column-gap-default\">\n\t\t\t\t\t<div class=\"elementor-column elementor-col-100 elementor-top-column elementor-element elementor-element-d9e5f78\" data-id=\"d9e5f78\" data-element_type=\"column\">\n\t\t\t<div class=\"elementor-widget-wrap elementor-element-populated\">\n\t\t\t\t\t\t<div class=\"elementor-element elementor-element-0c9d445 elementor-widget elementor-widget-rakon-title-v1\" data-id=\"0c9d445\" data-element_type=\"widget\" data-widget_type=\"rakon-title-v1.default\">\n\t\t\t\t<div class=\"elementor-widget-container\">\n\t\t\t\t\t\r\n\r\n\r\n        <div class=\"title_all_box   text-center style_one\" >\r\n                       <!-- title one  -->\r\n               <div class=\"title_sections\">\r\n                                                       <h2>  Merhaba \ud83d\udd90<\/h2>\r\n                                                      <p>  A\u015fa\u011f\u0131daki formu doldurun; \u00fcr\u00fcn uzmanlar\u0131m\u0131zdan biri size yard\u0131mc\u0131 olacakt\u0131r.<\/p>\r\n                              <\/div>\r\n        <!-- title one end -->\r\n                \r\n                                           \r\n\r\n          \r\n                        \r\n                      \r\n        <\/div>\r\n\r\n\t\t\t\t<\/div>\n\t\t\t\t<\/div>\n\t\t\t\t<div class=\"elementor-element elementor-element-6a0a4f7 elementor-widget elementor-widget-rakon-themebtns-v1\" data-id=\"6a0a4f7\" data-element_type=\"widget\" data-widget_type=\"rakon-themebtns-v1.default\">\n\t\t\t\t<div class=\"elementor-widget-container\">\n\t\t\t\t\t\r\n\r\n\r\n\r\n     \r\n        <div class=\"theme_btn_all text-center\"   data-aos=\"fade-up\" data-aos-delay=\"0\" >\r\n                        <!-- button with text -->\r\n        <a href=\"#contact-form\"\r\n                  class=\"btn text-center btn_sm_primary  sweep_letter sweep_top bg-lightgreen c-white rounded-pill\">\r\n                  <div class=\"inside_item\">\r\n                    <span data-hover=\"Hadi konu\u015fal\u0131m!\">   Hadi konu\u015fal\u0131m!<\/span>\r\n                  <\/div>\r\n                <\/a>\r\n      <!-- button with text end -->\r\n                \r\n        \r\n        \r\n        \r\n\r\n\r\n        \r\n\r\n\r\n  \r\n        <\/div>\r\n\r\n\t\t\t\t<\/div>\n\t\t\t\t<\/div>\n\t\t\t\t\t<\/div>\n\t\t<\/div>\n\t\t\t\t\t<\/div>\n\t\t<\/section>\n\t\t\t\t<section class=\"elementor-section elementor-top-section elementor-element elementor-element-8c9a795 elementor-section-boxed elementor-section-height-default elementor-section-height-default\" data-id=\"8c9a795\" data-element_type=\"section\" id=\"contact-form\">\n\t\t\t\t\t\t<div class=\"elementor-container elementor-column-gap-default\">\n\t\t\t\t\t<div class=\"elementor-column elementor-col-33 elementor-top-column elementor-element elementor-element-9b69f6b\" data-id=\"9b69f6b\" data-element_type=\"column\">\n\t\t\t<div class=\"elementor-widget-wrap\">\n\t\t\t\t\t\t\t<\/div>\n\t\t<\/div>\n\t\t\t\t<div class=\"elementor-column elementor-col-33 elementor-top-column elementor-element elementor-element-80ae3f2\" data-id=\"80ae3f2\" data-element_type=\"column\">\n\t\t\t<div class=\"elementor-widget-wrap elementor-element-populated\">\n\t\t\t\t\t\t<div class=\"elementor-element elementor-element-bae2fd0 elementor-widget elementor-widget-rakon-contact-form-v1\" data-id=\"bae2fd0\" data-element_type=\"widget\" data-widget_type=\"rakon-contact-form-v1.default\">\n\t\t\t\t<div class=\"elementor-widget-container\">\n\t\t\t\t\t\r\n\r\n\r\n            <!-- Start section_contact_four -->\r\n            <section class=\"contact_form_box_all type_two\">\r\n\r\n<div class=\"row justify-content-center\">\r\n    <div class=\"col-lg-12\">\r\n        <div class=\"form_cc_four\">\r\n                <div class=\"contact_form_shortcode\">\r\n                    \n<div class=\"wpcf7 no-js\" id=\"wpcf7-f7694-o1\" lang=\"tr-TR\" dir=\"ltr\" data-wpcf7-id=\"7694\">\n<div class=\"screen-reader-response\"><p role=\"status\" aria-live=\"polite\" aria-atomic=\"true\"><\/p> <ul><\/ul><\/div>\n<form action=\"\/tr\/wp-json\/wp\/v2\/pages\/7684#wpcf7-f7694-o1\" method=\"post\" class=\"wpcf7-form init\" aria-label=\"\u0130leti\u015fim Formu\" novalidate=\"novalidate\" data-status=\"init\">\n<fieldset class=\"hidden-fields-container\"><input type=\"hidden\" name=\"_wpcf7\" value=\"7694\" \/><input type=\"hidden\" name=\"_wpcf7_version\" value=\"6.1.4\" \/><input type=\"hidden\" name=\"_wpcf7_locale\" value=\"tr_TR\" \/><input type=\"hidden\" name=\"_wpcf7_unit_tag\" value=\"wpcf7-f7694-o1\" \/><input type=\"hidden\" name=\"_wpcf7_container_post\" value=\"0\" \/><input type=\"hidden\" name=\"_wpcf7_posted_data_hash\" value=\"\" \/><input type=\"hidden\" name=\"_wpcf7_recaptcha_response\" value=\"\" \/>\n<\/fieldset>\n<div class=\"row\">\n\t<div class=\"col-lg-6\">\n\t\t<p><label> E-posta adresi <\/label><br \/>\n<span class=\"wpcf7-form-control-wrap\" data-name=\"your-email\"><input size=\"40\" maxlength=\"400\" class=\"wpcf7-form-control wpcf7-email wpcf7-validates-as-required wpcf7-text wpcf7-validates-as-email\" aria-required=\"true\" aria-invalid=\"false\" placeholder=\"ex.john@mail.com\" value=\"\" type=\"email\" name=\"your-email\" \/><\/span>\n\t\t<\/p>\n\t<\/div>\n\t<div class=\"col-lg-6\">\n\t\t<p><label> \u0130sim <\/label><br \/>\n<span class=\"wpcf7-form-control-wrap\" data-name=\"nam\"><input size=\"40\" maxlength=\"400\" class=\"wpcf7-form-control wpcf7-text\" aria-invalid=\"false\" placeholder=\"ex. John Doe\" value=\"\" type=\"text\" name=\"nam\" \/><\/span>\n\t\t<\/p>\n\t<\/div>\n\t<div class=\"col-lg-12\">\n\t\t<p><label> Bir Konu Se\u00e7in<\/label><br \/>\n<span class=\"wpcf7-form-control-wrap\" data-name=\"menu-320\"><select class=\"wpcf7-form-control wpcf7-select\" aria-invalid=\"false\" name=\"menu-320\"><option value=\"Sat\u0131\u015f\">Sat\u0131\u015f<\/option><option value=\"Destek\">Destek<\/option><option value=\"Teknik\">Teknik<\/option><option value=\"Hizmet Talebi\">Hizmet Talebi<\/option><\/select><\/span>\n\t\t<\/p>\n\t<\/div>\n\t<div class=\"col-lg-12\">\n\t\t<p><label> Mesaj\u0131n\u0131z <span class=\"c-gray font-s-13\">(\u0130ste\u011fe ba\u011fl\u0131)<\/span><\/label><br \/>\n<span class=\"wpcf7-form-control-wrap\" data-name=\"textarea-922\"><textarea cols=\"40\" rows=\"10\" maxlength=\"2000\" class=\"wpcf7-form-control wpcf7-textarea\" aria-invalid=\"false\" placeholder=\"Bize projeniz, ihtiya\u00e7lar\u0131n\u0131z ve zaman \u00e7izelgeniz hakk\u0131nda daha fazla bilgi verin.\" name=\"textarea-922\"><\/textarea><\/span>\n\t\t<\/p>\n\t<\/div>\n\t<div class=\"col-lg-12\">\n\t<\/div>\n\t<div class=\"col-lg-12 text-right\">\n\t\t<p><input class=\"wpcf7-form-control wpcf7-submit has-spinner\" type=\"submit\" value=\"Mesaj G\u00f6nder\" \/>\n\t\t<\/p>\n\t<\/div>\n<\/div><div class=\"wpcf7-response-output\" aria-hidden=\"true\"><\/div>\n<\/form>\n<\/div>\n                    <\/div>\r\n        <\/div>\r\n    <\/div>\r\n<\/div>\r\n<\/section>\r\n\r\n\r\n           \r\n\t\t\t\t\t\t<\/div>\n\t\t\t\t<\/div>\n\t\t\t\t\t<\/div>\n\t\t<\/div>\n\t\t\t\t<div class=\"elementor-column elementor-col-33 elementor-top-column elementor-element elementor-element-f03524e\" data-id=\"f03524e\" data-element_type=\"column\">\n\t\t\t<div class=\"elementor-widget-wrap\">\n\t\t\t\t\t\t\t<\/div>\n\t\t<\/div>\n\t\t\t\t\t<\/div>\n\t\t<\/section>\n\t\t\t\t<\/div>\n\t\t","protected":false},"excerpt":{"rendered":"<p>Merhaba \ud83d\udd90 A\u015fa\u011f\u0131daki formu doldurun; \u00fcr\u00fcn uzmanlar\u0131m\u0131zdan biri size yard\u0131mc\u0131 olacakt\u0131r. Hadi konu\u015fal\u0131m! Email address Full Name Select a Subject PurchaseSupportTechniqueService Request Your message (Optional)<\/p>\n","protected":false},"author":1,"featured_media":0,"parent":0,"menu_order":0,"comment_status":"closed","ping_status":"closed","template":"template-fullwidth.php","meta":{"footnotes":""},"class_list":["post-7684","page","type-page","status-publish","hentry"],"_links":{"self":[{"href":"https:\/\/pepteam.net\/tr\/wp-json\/wp\/v2\/pages\/7684","targetHints":{"allow":["GET"]}}],"collection":[{"href":"https:\/\/pepteam.net\/tr\/wp-json\/wp\/v2\/pages"}],"about":[{"href":"https:\/\/pepteam.net\/tr\/wp-json\/wp\/v2\/types\/page"}],"author":[{"embeddable":true,"href":"https:\/\/pepteam.net\/tr\/wp-json\/wp\/v2\/users\/1"}],"replies":[{"embeddable":true,"href":"https:\/\/pepteam.net\/tr\/wp-json\/wp\/v2\/comments?post=7684"}],"version-history":[{"count":22,"href":"https:\/\/pepteam.net\/tr\/wp-json\/wp\/v2\/pages\/7684\/revisions"}],"predecessor-version":[{"id":8573,"href":"https:\/\/pepteam.net\/tr\/wp-json\/wp\/v2\/pages\/7684\/revisions\/8573"}],"wp:attachment":[{"href":"https:\/\/pepteam.net\/tr\/wp-json\/wp\/v2\/media?parent=7684"}],"curies":[{"name":"wp","href":"https:\/\/api.w.org\/{rel}","templated":true}]}}